{"id":21,"date":"2023-12-31T20:00:37","date_gmt":"2023-12-31T20:00:37","guid":{"rendered":"http:\/\/work.ovianhost.net\/lavage_vaneau2\/?page_id=21"},"modified":"2024-10-17T13:19:21","modified_gmt":"2024-10-17T13:19:21","slug":"lavage-citerne","status":"publish","type":"page","link":"https:\/\/www.lavage-poidslourds-vaneau.com\/index.php\/lavage-citerne\/","title":{"rendered":"Lavage de citernes"},"content":{"rendered":"\t\t<div data-elementor-type=\"wp-page\" data-elementor-id=\"21\" class=\"elementor elementor-21\" data-elementor-post-type=\"page\">\n\t\t\t\t\t\t<section class=\"elementor-section elementor-top-section elementor-element elementor-element-79c07fa3 elementor-section-boxed elementor-section-height-default elementor-section-height-default\" data-id=\"79c07fa3\" data-element_type=\"section\" data-settings=\"{&quot;background_background&quot;:&quot;classic&quot;}\">\n\t\t\t\t\t\t\t<div class=\"elementor-background-overlay\"><\/div>\n\t\t\t\t\t\t\t<div class=\"elementor-container elementor-column-gap-default\">\n\t\t\t\t\t<div class=\"elementor-column elementor-col-50 elementor-top-column elementor-element elementor-element-2ff90ce8\" data-id=\"2ff90ce8\" data-element_type=\"column\">\n\t\t\t<div class=\"elementor-widget-wrap elementor-element-populated\">\n\t\t\t\t\t\t\t<\/div>\n\t\t<\/div>\n\t\t\t\t<div class=\"elementor-column elementor-col-50 elementor-top-column elementor-element elementor-element-16c49f7b\" data-id=\"16c49f7b\" data-element_type=\"column\">\n\t\t\t<div class=\"elementor-widget-wrap\">\n\t\t\t\t\t\t\t<\/div>\n\t\t<\/div>\n\t\t\t\t\t<\/div>\n\t\t<\/section>\n\t\t\t\t<section class=\"elementor-section elementor-top-section elementor-element elementor-element-ce2837e elementor-section-boxed elementor-section-height-default elementor-section-height-default\" data-id=\"ce2837e\" data-element_type=\"section\">\n\t\t\t\t\t\t<div class=\"elementor-container elementor-column-gap-default\">\n\t\t\t\t\t<div class=\"elementor-column elementor-col-100 elementor-top-column elementor-element elementor-element-50b1274\" data-id=\"50b1274\" data-element_type=\"column\">\n\t\t\t<div class=\"elementor-widget-wrap elementor-element-populated\">\n\t\t\t\t\t\t<div class=\"elementor-element elementor-element-9e3e3d2 elementor-widget elementor-widget-text-editor\" data-id=\"9e3e3d2\" data-element_type=\"widget\" data-widget_type=\"text-editor.default\">\n\t\t\t\t<div class=\"elementor-widget-container\">\n\t\t\t<style>\/*! elementor - v3.23.0 - 05-08-2024 *\/\n.elementor-widget-text-editor.elementor-drop-cap-view-stacked .elementor-drop-cap{background-color:#69727d;color:#fff}.elementor-widget-text-editor.elementor-drop-cap-view-framed .elementor-drop-cap{color:#69727d;border:3px solid;background-color:transparent}.elementor-widget-text-editor:not(.elementor-drop-cap-view-default) .elementor-drop-cap{margin-top:8px}.elementor-widget-text-editor:not(.elementor-drop-cap-view-default) .elementor-drop-cap-letter{width:1em;height:1em}.elementor-widget-text-editor .elementor-drop-cap{float:left;text-align:center;line-height:1;font-size:50px}.elementor-widget-text-editor .elementor-drop-cap-letter{display:inline-block}<\/style>\t\t\t\t<div class=\"page\" title=\"Page 2\">\n<div class=\"layoutArea\">\n<div class=\"column\">\n<h1>LAVAGE DE CITERNES<\/h1>\n<p>Nous assurons le lavage des citernes ayant contenu des produits alimentaires liquides ou pulve\u0301rulents ainsi que des citernes ayant contenu des produits non alimentaires, mais pas de chimique.<\/p>\n<p>Pour le lavage inte\u0301rieur des citernes nous pouvons effectuer le balayage, le savonnage, le se\u0301chage et le plombage de la citerne.<\/p>\n<p>Le lavage s&rsquo;effectue sur la piste couverte dote\u0301e de quatre te\u0302tes rotatives haute pression (100 bars).<\/p>\n<p>L&rsquo;ope\u0301rateur suit un protocole de lavage de\u0301termine\u0301 par le produit qui a e\u0301te\u0301 transporte\u0301 dans la citerne. Les programmes de lavage sont pilote\u0301s par un automate. En fonction du programme se\u0301lectionne\u0301 seront utilise\u0301s : de l&rsquo;eau chaude (85\u00b0C), de l&rsquo;eau froide, du de\u0301tergent, du de\u0301sinfectant et une gaine se\u0301chante dont l&rsquo;air chaud a\u0300 65\u00b0C est filtre\u0301, nous pouvons e\u0301galement se\u0301cher les tuyaux ainsi que les raccords de la citerne. Nous disposons d&rsquo;un bac en inox pour le nettoyage des tuyaux et des re\u0301ductions, un tuyau avec raccord pour le nettoyage des rampes de lavage, ainsi qu&rsquo;un furet pour le nettoyage inte\u0301rieur des tuyaux de la citerne.<\/p>\n<p>Le lavage complet des citernes, avant chaque chargement, permet de garantir al qualite\u0301 des produits alimentaires livre\u0301s en vrac.<\/p>\n<\/div>\n<\/div>\n<div class=\"layoutArea\">\n<div class=\"column\">\n<p>Les produits de lavage utilise\u0301s sont certifie\u0301s aptes aux contacts alimentaires.<\/p>\n<p><span style=\"font-style: inherit; font-weight: inherit; background-color: var(--ast-global-color-5); color: var( --e-global-color-text );\">L&rsquo;eau utilise\u0301e pour le lavage est celle du re\u0301seau de ville (Label QUALIMAT)<\/span><\/p>\n<ul>\n<li>Un contro\u0302le visuel et un contro\u0302le pH sont effectue\u0301s apre\u0300s chaque lavage<\/li>\n<li>Contro\u0302le effectue\u0301 par un laboratoire spe\u0301cialise\u0301 en microbiologie agroalimentaire<\/li>\n<li><span style=\"font-style: inherit; font-weight: inherit; background-color: var(--ast-global-color-5); color: var( --e-global-color-text );\">Validation de l&rsquo;efficacite\u0301 du nettoyage\/de\u0301sinfection<\/span><\/li>\n<li><span style=\"font-style: inherit; font-weight: inherit; background-color: var(--ast-global-color-5); color: var( --e-global-color-text );\">Contro\u0302le de surface<\/span><\/li>\n<li><span style=\"background-color: var(--ast-global-color-5); color: var( --e-global-color-text ); font-style: inherit; font-weight: inherit;\">Recherche d&rsquo;allerge\u0300ne<\/span><\/li>\n<li>La se\u0301curisation des citernes est assure\u0301e par le plombage<\/li>\n<li>Un certificat de lavage est remis apre\u0300s chaque nettoyage<\/li>\n<\/ul>\n<\/div>\n<\/div>\n<div class=\"layoutArea\">\n<div class=\"column\">\n<p>Le lavage inte\u0301rieur de la citerne peut e\u0301galement e\u0302tre effectue\u0301 par le chauffeur a\u0300 l&rsquo;aide de lances a\u0300 haute pression.<br><br><br><b>Toutes nos eaux us\u00e9es sont trait\u00e9es par notre propre station d&rsquo;\u00e9puration pour un meilleur respect de l&rsquo;environnement.<\/b><\/p>\n<p><b>Des analyses d&rsquo;eau sont r\u00e9alis\u00e9es mensuellement ainsi qu&rsquo;un contr\u00f4le annuel par un laboratoire ind\u00e9pendant agr\u00e9\u00e9.<\/b><\/p>\n<\/div>\n<\/div>\n<\/div>\t\t\t\t\t\t<\/div>\n\t\t\t\t<\/div>\n\t\t\t\t\t<\/div>\n\t\t<\/div>\n\t\t\t\t\t<\/div>\n\t\t<\/section>\n\t\t\t\t<\/div>\n\t\t","protected":false},"excerpt":{"rendered":"<p>LAVAGE DE CITERNES Nous assurons le lavage des citernes ayant contenu des produits alimentaires liquides ou pulve\u0301rulents ainsi que des citernes ayant contenu des produits non alimentaires, mais pas de chimique. Pour le lavage inte\u0301rieur des citernes nous pouvons effectuer le balayage, le savonnage, le se\u0301chage et le plombage de la citerne. Le lavage s&rsquo;effectue [&hellip;]<\/p>\n","protected":false},"author":1,"featured_media":0,"parent":0,"menu_order":0,"comment_status":"closed","ping_status":"closed","template":"","meta":{"site-sidebar-layout":"no-sidebar","site-content-layout":"","ast-site-content-layout":"full-width-container","site-content-style":"default","site-sidebar-style":"default","ast-global-header-display":"","ast-banner-title-visibility":"","ast-main-header-display":"","ast-hfb-above-header-display":"","ast-hfb-below-header-display":"","ast-hfb-mobile-header-display":"","site-post-title":"disabled","ast-breadcrumbs-content":"","ast-featured-img":"disabled","footer-sml-layout":"","theme-transparent-header-meta":"","adv-header-id-meta":"","stick-header-meta":"","header-above-stick-meta":"","header-main-stick-meta":"","header-below-stick-meta":"","astra-migrate-meta-layouts":"default","ast-page-background-enabled":"default","ast-page-background-meta":{"desktop":{"background-color":"var(--ast-global-color-4)","background-image":"","background-repeat":"repeat","background-position":"center center","background-size":"auto","background-attachment":"scroll","background-type":"","background-media":"","overlay-type":"","overlay-color":"","overlay-opacity":"","overlay-gradient":""},"tablet":{"background-color":"","background-image":"","background-repeat":"repeat","background-position":"center center","background-size":"auto","background-attachment":"scroll","background-type":"","background-media":"","overlay-type":"","overlay-color":"","overlay-opacity":"","overlay-gradient":""},"mobile":{"background-color":"","background-image":"","background-repeat":"repeat","background-position":"center center","background-size":"auto","background-attachment":"scroll","background-type":"","background-media":"","overlay-type":"","overlay-color":"","overlay-opacity":"","overlay-gradient":""}},"ast-content-background-meta":{"desktop":{"background-color":"var(--ast-global-color-5)","background-image":"","background-repeat":"repeat","background-position":"center center","background-size":"auto","background-attachment":"scroll","background-type":"","background-media":"","overlay-type":"","overlay-color":"","overlay-opacity":"","overlay-gradient":""},"tablet":{"background-color":"var(--ast-global-color-5)","background-image":"","background-repeat":"repeat","background-position":"center center","background-size":"auto","background-attachment":"scroll","background-type":"","background-media":"","overlay-type":"","overlay-color":"","overlay-opacity":"","overlay-gradient":""},"mobile":{"background-color":"var(--ast-global-color-5)","background-image":"","background-repeat":"repeat","background-position":"center center","background-size":"auto","background-attachment":"scroll","background-type":"","background-media":"","overlay-type":"","overlay-color":"","overlay-opacity":"","overlay-gradient":""}},"footnotes":""},"class_list":["post-21","page","type-page","status-publish","hentry"],"_links":{"self":[{"href":"https:\/\/www.lavage-poidslourds-vaneau.com\/index.php\/wp-json\/wp\/v2\/pages\/21","targetHints":{"allow":["GET"]}}],"collection":[{"href":"https:\/\/www.lavage-poidslourds-vaneau.com\/index.php\/wp-json\/wp\/v2\/pages"}],"about":[{"href":"https:\/\/www.lavage-poidslourds-vaneau.com\/index.php\/wp-json\/wp\/v2\/types\/page"}],"author":[{"embeddable":true,"href":"https:\/\/www.lavage-poidslourds-vaneau.com\/index.php\/wp-json\/wp\/v2\/users\/1"}],"replies":[{"embeddable":true,"href":"https:\/\/www.lavage-poidslourds-vaneau.com\/index.php\/wp-json\/wp\/v2\/comments?post=21"}],"version-history":[{"count":51,"href":"https:\/\/www.lavage-poidslourds-vaneau.com\/index.php\/wp-json\/wp\/v2\/pages\/21\/revisions"}],"predecessor-version":[{"id":795,"href":"https:\/\/www.lavage-poidslourds-vaneau.com\/index.php\/wp-json\/wp\/v2\/pages\/21\/revisions\/795"}],"wp:attachment":[{"href":"https:\/\/www.lavage-poidslourds-vaneau.com\/index.php\/wp-json\/wp\/v2\/media?parent=21"}],"curies":[{"name":"wp","href":"https:\/\/api.w.org\/{rel}","templated":true}]}}